{"id":13,"date":"2022-04-20T04:09:02","date_gmt":"2022-04-20T04:09:02","guid":{"rendered":"https:\/\/responsabilidadcivilmedica.com\/seguro-de-responsabilidad-civil-medica\/?page_id=13"},"modified":"2022-04-20T04:09:02","modified_gmt":"2022-04-20T04:09:02","slug":"aviso-legal","status":"publish","type":"page","link":"https:\/\/responsabilidadcivilmedica.com\/seguro-de-responsabilidad-civil-medica\/aviso-legal\/","title":{"rendered":"Aviso Legal"},"content":{"rendered":"<h1 class=\"titulo-2\">AVISO LEGAL Y CONDICIONES DE USO DE LA WEB<\/h1>\n<p>PROVENTUM, AGENTE DE SEGUROS Y DE FIANZAS S.A. DE C.V. (en adelante \u201cPROVENTUM\u201d), con domicilio en Av. Juarez 1706-203 Col. La Paz, 72160 Puebla, Puebla Mexico, es titular de la p\u00e1gina web responsabilidadcivilmedica.com (En adelante el \u201cSitio Web\u201d).<\/p>\n<p>PROVENTUM es un Agente de Seguros y de Fianzas autorizado para operar como persona moral por la Comisi\u00f3n Nacional de Seguros y Fianzas (www.cnsf.gob.mx). La relaci\u00f3n de PROVENTUM, con el p\u00fablico en general en cuanto a la intermediaci\u00f3n de productos de Seguros y de Fianzas est\u00e1 regulada en la Ley sobre el Contrato de Seguro, La Ley de instituciones de Seguros y de Fianzas, la Circular \u00danica de Seguros y Fianzas y el reglamento de Agentes de Seguros y de Fianzas.<\/p>\n<h3>ACCESO Y CONDICIONES DE USO DEL SITIO WEB<\/h3>\n<p>Las presentes Condiciones de Uso (En adelante las \u201cCondiciones\u201d), tienen por finalidad facilitar al usuario informaci\u00f3n relativa a PROVENTUM, sus actividades y productos, noticias publicadas, as\u00ed como sus distintas \u00e1reas de negocio.<\/p>\n<p>La finalidad de este sitio es meramente informativa, y sirve como medio de contacto entre PROVENTUM y sus posibles clientes.<\/p>\n<p>La sola utilizaci\u00f3n esta p\u00e1gina de Internet le otorga al p\u00fablico en general la condici\u00f3n de usuario (en adelante referido como el \u00abusuario\u00bb o los \u00abusuarios\u00bb) e implica la aceptaci\u00f3n, plena e incondicional, de todas y cada una de las condiciones generales y particulares incluidas en estos T\u00e9rminos y condiciones de uso publicados por PROVENTUM en el momento mismo en que el usuario acceda al sitio web. Si no acepta las presentes condiciones, le rogamos se abstenga de utilizar el Sitio Web y su contenido.<\/p>\n<p>PROVENTUM podr\u00e1, en todo momento y sin previo aviso, modificar las presentes Condiciones, todo ello expuesto en el Sitio Web, mediante la publicaci\u00f3n de dichas modificaciones en el mismo, con el fin de que puedan ser conocidas por los Usuarios, siempre antes de la visita al Sitio Web.<\/p>\n<p>PROVENTUM podr\u00e1 denegar el acceso al Sitio Web a los Usuarios que hagan un mal uso de los contenidos y\/o incumplan cualquiera de las condiciones que aparecen en el presente documento.<\/p>\n<h3>Acceso y Utilizaci\u00f3n<\/h3>\n<p>El acceso al Sitio Web es gratuito, salvo en lo relativo al costo de la conexi\u00f3n a trav\u00e9s de la red de telecomunicaciones suministrada por el proveedor de acceso contratado por el Usuario.<\/p>\n<p>El usuario se compromete a hacer un uso diligente del Sitio Web, as\u00ed como de la informaci\u00f3n contenida en el mismo, con total sujeci\u00f3n tanto a la normativa aplicable, como a las presentes Condiciones.<\/p>\n<p>El Usuario se obliga al uso exclusivo del Sitio Web, as\u00ed como todos sus contenidos, para fines l\u00edcitos y no prohibidos, que no infrinjan la legalidad vigente y\/o puedan resultar lesivos de los derechos leg\u00edtimos de PROVENTUM o de cualquier tercero y\/o que puedan causar cualquier da\u00f1o o perjuicio de forma directa o indirecta.<\/p>\n<p>De conformidad con lo dispuesto anteriormente, se entender\u00e1 por contenido sin que esta enumeraci\u00f3n tenga car\u00e1cter limitativo: los textos, fotograf\u00edas, gr\u00e1ficos, im\u00e1genes, iconos, tecnolog\u00eda, software, links y dem\u00e1s contenidos audiovisuales o sonoros, as\u00ed como su dise\u00f1o gr\u00e1fico y c\u00f3digos fuente (en adelante, todo ello el\/los \u201cContenido\/s\u201d), de conformidad con la Ley, las presentes Condiciones, los dem\u00e1s avisos, reglamentos de uso e instrucciones puestos en su conocimiento, as\u00ed como con la moral y las buenas costumbres generalmente aceptadas y el orden p\u00fablico, y, en particular, se compromete a abstenerse de: reproducir, copiar, distribuir, poner a disposici\u00f3n o de cualquier otra forma comunicar p\u00fablicamente, transformar o modificar los Contenidos, a menos que se cuente con la autorizaci\u00f3n del titular de los correspondientes derechos o ello resulte legalmente permitido; o se realice, en su caso, por los botones habilitados por PROVENTUM para redes sociales. En este sentido, el Usuario no podr\u00e1 suprimir, manipular o de cualquier forma alterar el \u201ccopyright\u201d y dem\u00e1s datos identificativos de la reserva de derechos de PROVENTUM o de cualesquiera otros medios t\u00e9cnicos establecidos para su reconocimiento.<\/p>\n<p>El Usuario se compromete, a t\u00edtulo meramente enunciativo y no limitativo, a no transmitir, difundir o poner a disposici\u00f3n de terceros informaciones, datos, contenidos, mensajes, gr\u00e1ficos, dibujos, archivos de sonido y\/o imagen, fotograf\u00edas, grabaciones, software y, en general, cualquier clase de material propiedad de este Sitio Web, as\u00ed como a abstenerse de realizar actos, que:<\/p>\n<ul>\n<li>Induzcan, inciten o promuevan actuaciones delictivas, difamatorias, violentas o, en general, contrarias a la Ley, a la moral y buenas costumbres generalmente aceptadas o al orden p\u00fablico;<\/li>\n<li>Sean falsos, ambiguos, inexactos, exagerados o extempor\u00e1neos, de forma que induzcan o puedan inducir a error sobre su objeto o sobre las intenciones o prop\u00f3sitos del comunicante;<\/li>\n<li>Se encuentren protegidos por cualesquiera derechos de propiedad intelectual o industrial pertenecientes a terceros, sin que el Usuario haya obtenido previamente de sus titulares la autorizaci\u00f3n necesaria para llevar a cabo el uso que efect\u00faa o pretende efectuar;<\/li>\n<li>Constituyan, en su caso, publicidad il\u00edcita, enga\u00f1osa o desleal y, en general, que constituyan competencia desleal o vulneren las normas reguladoras de la protecci\u00f3n de datos de car\u00e1cter personal.<\/li>\n<li>Incorporen virus u otros elementos f\u00edsicos o electr\u00f3nicos que puedan da\u00f1ar o impedir el normal funcionamiento de la red, del sistema o de equipos inform\u00e1ticos (hardware y software) de PROVENTUM.<\/li>\n<li>Provoquen por sus caracter\u00edsticas (tales como formato o extensi\u00f3n, entre otras) dificultades en el normal funcionamiento de los servicios ofrecidos por este Sitio Web. El usuario responder\u00e1 de los da\u00f1os y perjuicios de toda naturaleza que PROVENTUM, pueda sufrir como consecuencia del incumplimiento de cualesquiera de las obligaciones a las que queda sometido en virtud de las presentes Condiciones o de la legislaci\u00f3n aplicable en relaci\u00f3n con la utilizaci\u00f3n del Sitio Web.<\/li>\n<\/ul>\n<h3>EXONERACI\u00d3N DE RESPONSABILIDAD DE PROVENTUM<\/h3>\n<p>A t\u00edtulo enunciativo, pero no limitativo, PROVENTUM no asumir\u00e1 responsabilidad alguna:<\/p>\n<ul>\n<li>De la utilizaci\u00f3n que los Usuarios puedan hacer de los materiales de este Sitio Web, y\/o webs de enlace, ya sean prohibidos o permitidos, en infracci\u00f3n de los derechos de propiedad intelectual y\/o industrial de contenidos de la web o de terceros.<\/li>\n<li>De los eventuales da\u00f1os y perjuicios a los Usuarios causados por un funcionamiento normal o anormal de las herramientas de b\u00fasqueda, de la organizaci\u00f3n o la localizaci\u00f3n de los contenidos y\/o acceso al Sitio Web y, en general, de los errores o problemas que se generen en el desarrollo o instrumentaci\u00f3n de los elementos t\u00e9cnicos que el Sitio Web o un programa facilite al Usuario.<\/li>\n<li>De los contenidos de aquellas p\u00e1ginas a las que los Usuarios puedan acceder desde enlaces incluidos en el Sitio Web, ya sean autorizados o no.<\/li>\n<\/ul>\n<p>PROVENTUM informa que no garantiza:<\/p>\n<ul>\n<li>Que el acceso al Sitio Web, y\/o a las webs de enlace sea ininterrumpido o libre de error.<\/li>\n<li>Que el contenido o software al que los Usuarios accedan a trav\u00e9s del Sitio Web, o de las webs de enlace no contenga error alguno, virus inform\u00e1tico u otros elementos en los contenidos que puedan producir alteraciones en su sistema o en los documentos electr\u00f3nicos y ficheros almacenados en su sistema inform\u00e1tico o cause otro tipo de da\u00f1o;<\/li>\n<\/ul>\n<p>La informaci\u00f3n contenida en el Sitio Web debe ser considerada por los Usuarios como divulgativa y orientadora, tanto con relaci\u00f3n a su finalidad como a sus efectos, motivo por el cual:<\/p>\n<p>PROVENTUM no garantiza la exactitud de la informaci\u00f3n contenida en el Sitio Web y por consiguiente no asumen responsabilidad alguna sobre los posibles perjuicios o incomodidades para los Usuarios que pudiesen derivarse alguna inexactitud presente en el mismo.<\/p>\n<h3>PROPIEDAD INTELECTUAL E INDUSTRIAL<\/h3>\n<p>El nombre &#8220;Proventum&#8221; y su dise\u00f1o es una marca registrada ante el instituto Mexicano de la Propiedad Industrial. PROVENTUM ostenta todos los derechos sobre el contenido, dise\u00f1o y c\u00f3digo fuente del Sitio Web y, en especial, con car\u00e1cter enunciativo, pero no limitativo, im\u00e1genes, textos, logos, dise\u00f1os, marcas, nombres comerciales y datos que se incluyen en la web o aplicaci\u00f3n.<\/p>\n<p>Se advierte a los Usuarios de que tales derechos est\u00e1n protegidos por la legislaci\u00f3n vigente mexicana e internacional relativa a la propiedad intelectual e industrial.<\/p>\n<p>Queda expresamente prohibida la reproducci\u00f3n total o parcial del Sitio Web, ni de cualquiera de sus contenidos, sin el permiso expreso y por escrito de PROVENTUM.<\/p>\n<p>Asimismo, queda totalmente prohibida la copia, reproducci\u00f3n, adaptaci\u00f3n, modificaci\u00f3n, distribuci\u00f3n, comercializaci\u00f3n, comunicaci\u00f3n p\u00fablica y\/o cualquier otra acci\u00f3n que comporte una infracci\u00f3n de la normativa vigente mexicana y\/o internacional en materia de propiedad intelectual y\/o industrial, as\u00ed como el uso de los contenidos de la web o aplicaci\u00f3n si no es con la previa autorizaci\u00f3n expresa y por escrito de PROVENTUM.<\/p>\n<p>PROVENTUM informa que no concede licencia o autorizaci\u00f3n impl\u00edcita alguna sobre los derechos de propiedad intelectual y\/o industrial o sobre cualquier otro derecho o propiedad relacionada, directa o indirectamente, con los contenidos incluidos en la web o aplicaci\u00f3n.<\/p>\n<h3>GU\u00cdA DE USO SEGURO:<\/h3>\n<p>Phishing<\/p>\n<p>No utilice enlaces incorporados en e-mails o p\u00e1ginas Web de terceros para acceder a este Sitio Web. Peri\u00f3dicamente se detectan env\u00edos de correos masivos indiscriminados, remitidos desde direcciones electr\u00f3nicas falsas, con el \u00fanico objetivo de conseguir informaci\u00f3n confidencial de los Usuarios. A esta t\u00e9cnica se la conoce con el nombre de \u201cPHISHING\u201d. PROVENTUM declina cualquier responsabilidad ajena a este respecto.<\/p>\n<h3>LEGISLACI\u00d3N APLICABLE Y JURISDICCI\u00d3N<\/h3>\n<p>El acceso y utilizaci\u00f3n del Sitio Web se regir\u00e1 e interpretar\u00e1 de conformidad con la legislaci\u00f3n mexicana. Cualquier controversia que pudiera surgir entre PROVENTUM y los usuarios del Sitio Web, ser\u00e1 dirimida, con renuncia expresa de las Partes a su propio fuero, por los Juzgados y Tribunales de la ciudad de Puebla, Estado de Puebla Mexico.<\/p>\n","protected":false},"excerpt":{"rendered":"<p>AVISO LEGAL Y CONDICIONES DE USO DE LA WEB PROVENTUM, AGENTE DE SEGUROS Y DE FIANZAS S.A. DE C.V. (en adelante \u201cPROVENTUM\u201d), con domicilio en Av. Juarez 1706-203 Col. La Paz, 72160 Puebla, Puebla Mexico, es titular de la p\u00e1gina web responsabilidadcivilmedica.com (En adelante el \u201cSitio Web\u201d). PROVENTUM es un Agente de Seguros y de [&hellip;]<\/p>\n","protected":false},"author":1,"featured_media":0,"parent":0,"menu_order":0,"comment_status":"closed","ping_status":"closed","template":"page-no-sidebar.php","meta":{"_acf_changed":false,"footnotes":""},"class_list":["post-13","page","type-page","status-publish","hentry"],"acf":[],"yoast_head":"<!-- This site is optimized with the Yoast SEO plugin v27.4 - https:\/\/yoast.com\/product\/yoast-seo-wordpress\/ -->\n<title>Aviso Legal - ResponsabilidadcivilMedica.com<\/title>\n<meta name=\"robots\" content=\"index, follow, max-snippet:-1, max-image-preview:large, max-video-preview:-1\" \/>\n<link rel=\"canonical\" href=\"https:\/\/responsabilidadcivilmedica.com\/seguro-de-responsabilidad-civil-medica\/aviso-legal\/\" \/>\n<meta property=\"og:locale\" content=\"es_MX\" \/>\n<meta property=\"og:type\" content=\"article\" \/>\n<meta property=\"og:title\" content=\"Aviso Legal - ResponsabilidadcivilMedica.com\" \/>\n<meta property=\"og:description\" content=\"AVISO LEGAL Y CONDICIONES DE USO DE LA WEB PROVENTUM, AGENTE DE SEGUROS Y DE FIANZAS S.A. DE C.V. (en adelante \u201cPROVENTUM\u201d), con domicilio en Av. Juarez 1706-203 Col. La Paz, 72160 Puebla, Puebla Mexico, es titular de la p\u00e1gina web responsabilidadcivilmedica.com (En adelante el \u201cSitio Web\u201d). PROVENTUM es un Agente de Seguros y de [&hellip;]\" \/>\n<meta property=\"og:url\" content=\"https:\/\/responsabilidadcivilmedica.com\/seguro-de-responsabilidad-civil-medica\/aviso-legal\/\" \/>\n<meta property=\"og:site_name\" content=\"ResponsabilidadcivilMedica.com\" \/>\n<meta name=\"twitter:card\" content=\"summary_large_image\" \/>\n<meta name=\"twitter:label1\" content=\"Tiempo de lectura\" \/>\n\t<meta name=\"twitter:data1\" content=\"9 minutos\" \/>\n<script type=\"application\/ld+json\" class=\"yoast-schema-graph\">{\"@context\":\"https:\\\/\\\/schema.org\",\"@graph\":[{\"@type\":\"WebPage\",\"@id\":\"https:\\\/\\\/responsabilidadcivilmedica.com\\\/seguro-de-responsabilidad-civil-medica\\\/aviso-legal\\\/\",\"url\":\"https:\\\/\\\/responsabilidadcivilmedica.com\\\/seguro-de-responsabilidad-civil-medica\\\/aviso-legal\\\/\",\"name\":\"Aviso Legal - ResponsabilidadcivilMedica.com\",\"isPartOf\":{\"@id\":\"https:\\\/\\\/responsabilidadcivilmedica.com\\\/seguro-de-responsabilidad-civil-medica\\\/#website\"},\"datePublished\":\"2022-04-20T04:09:02+00:00\",\"breadcrumb\":{\"@id\":\"https:\\\/\\\/responsabilidadcivilmedica.com\\\/seguro-de-responsabilidad-civil-medica\\\/aviso-legal\\\/#breadcrumb\"},\"inLanguage\":\"es\",\"potentialAction\":[{\"@type\":\"ReadAction\",\"target\":[\"https:\\\/\\\/responsabilidadcivilmedica.com\\\/seguro-de-responsabilidad-civil-medica\\\/aviso-legal\\\/\"]}]},{\"@type\":\"BreadcrumbList\",\"@id\":\"https:\\\/\\\/responsabilidadcivilmedica.com\\\/seguro-de-responsabilidad-civil-medica\\\/aviso-legal\\\/#breadcrumb\",\"itemListElement\":[{\"@type\":\"ListItem\",\"position\":1,\"name\":\"Inicio\",\"item\":\"https:\\\/\\\/responsabilidadcivilmedica.com\\\/seguro-de-responsabilidad-civil-medica\\\/\"},{\"@type\":\"ListItem\",\"position\":2,\"name\":\"Aviso Legal\"}]},{\"@type\":\"WebSite\",\"@id\":\"https:\\\/\\\/responsabilidadcivilmedica.com\\\/seguro-de-responsabilidad-civil-medica\\\/#website\",\"url\":\"https:\\\/\\\/responsabilidadcivilmedica.com\\\/seguro-de-responsabilidad-civil-medica\\\/\",\"name\":\"ResponsabilidadcivilMedica.com\",\"description\":\"Cotiza y Contrata tu Seguro de Responsabilidad Civil Medica\",\"publisher\":{\"@id\":\"https:\\\/\\\/responsabilidadcivilmedica.com\\\/seguro-de-responsabilidad-civil-medica\\\/#organization\"},\"potentialAction\":[{\"@type\":\"SearchAction\",\"target\":{\"@type\":\"EntryPoint\",\"urlTemplate\":\"https:\\\/\\\/responsabilidadcivilmedica.com\\\/seguro-de-responsabilidad-civil-medica\\\/?s={search_term_string}\"},\"query-input\":{\"@type\":\"PropertyValueSpecification\",\"valueRequired\":true,\"valueName\":\"search_term_string\"}}],\"inLanguage\":\"es\"},{\"@type\":\"Organization\",\"@id\":\"https:\\\/\\\/responsabilidadcivilmedica.com\\\/seguro-de-responsabilidad-civil-medica\\\/#organization\",\"name\":\"ResponsabilidadcivilMedica.com\",\"url\":\"https:\\\/\\\/responsabilidadcivilmedica.com\\\/seguro-de-responsabilidad-civil-medica\\\/\",\"logo\":{\"@type\":\"ImageObject\",\"inLanguage\":\"es\",\"@id\":\"https:\\\/\\\/responsabilidadcivilmedica.com\\\/seguro-de-responsabilidad-civil-medica\\\/#\\\/schema\\\/logo\\\/image\\\/\",\"url\":\"https:\\\/\\\/responsabilidadcivilmedica.com\\\/seguro-de-responsabilidad-civil-medica\\\/wp-content\\\/uploads\\\/2023\\\/03\\\/Logo-Proventum-RECORTADO.png\",\"contentUrl\":\"https:\\\/\\\/responsabilidadcivilmedica.com\\\/seguro-de-responsabilidad-civil-medica\\\/wp-content\\\/uploads\\\/2023\\\/03\\\/Logo-Proventum-RECORTADO.png\",\"width\":1522,\"height\":401,\"caption\":\"ResponsabilidadcivilMedica.com\"},\"image\":{\"@id\":\"https:\\\/\\\/responsabilidadcivilmedica.com\\\/seguro-de-responsabilidad-civil-medica\\\/#\\\/schema\\\/logo\\\/image\\\/\"},\"sameAs\":[\"https:\\\/\\\/www.instagram.com\\\/rcmedica\\\/\"]}]}<\/script>\n<!-- \/ Yoast SEO plugin. -->","yoast_head_json":{"title":"Aviso Legal - ResponsabilidadcivilMedica.com","robots":{"index":"index","follow":"follow","max-snippet":"max-snippet:-1","max-image-preview":"max-image-preview:large","max-video-preview":"max-video-preview:-1"},"canonical":"https:\/\/responsabilidadcivilmedica.com\/seguro-de-responsabilidad-civil-medica\/aviso-legal\/","og_locale":"es_MX","og_type":"article","og_title":"Aviso Legal - ResponsabilidadcivilMedica.com","og_description":"AVISO LEGAL Y CONDICIONES DE USO DE LA WEB PROVENTUM, AGENTE DE SEGUROS Y DE FIANZAS S.A. DE C.V. (en adelante \u201cPROVENTUM\u201d), con domicilio en Av. Juarez 1706-203 Col. La Paz, 72160 Puebla, Puebla Mexico, es titular de la p\u00e1gina web responsabilidadcivilmedica.com (En adelante el \u201cSitio Web\u201d). PROVENTUM es un Agente de Seguros y de [&hellip;]","og_url":"https:\/\/responsabilidadcivilmedica.com\/seguro-de-responsabilidad-civil-medica\/aviso-legal\/","og_site_name":"ResponsabilidadcivilMedica.com","twitter_card":"summary_large_image","twitter_misc":{"Tiempo de lectura":"9 minutos"},"schema":{"@context":"https:\/\/schema.org","@graph":[{"@type":"WebPage","@id":"https:\/\/responsabilidadcivilmedica.com\/seguro-de-responsabilidad-civil-medica\/aviso-legal\/","url":"https:\/\/responsabilidadcivilmedica.com\/seguro-de-responsabilidad-civil-medica\/aviso-legal\/","name":"Aviso Legal - ResponsabilidadcivilMedica.com","isPartOf":{"@id":"https:\/\/responsabilidadcivilmedica.com\/seguro-de-responsabilidad-civil-medica\/#website"},"datePublished":"2022-04-20T04:09:02+00:00","breadcrumb":{"@id":"https:\/\/responsabilidadcivilmedica.com\/seguro-de-responsabilidad-civil-medica\/aviso-legal\/#breadcrumb"},"inLanguage":"es","potentialAction":[{"@type":"ReadAction","target":["https:\/\/responsabilidadcivilmedica.com\/seguro-de-responsabilidad-civil-medica\/aviso-legal\/"]}]},{"@type":"BreadcrumbList","@id":"https:\/\/responsabilidadcivilmedica.com\/seguro-de-responsabilidad-civil-medica\/aviso-legal\/#breadcrumb","itemListElement":[{"@type":"ListItem","position":1,"name":"Inicio","item":"https:\/\/responsabilidadcivilmedica.com\/seguro-de-responsabilidad-civil-medica\/"},{"@type":"ListItem","position":2,"name":"Aviso Legal"}]},{"@type":"WebSite","@id":"https:\/\/responsabilidadcivilmedica.com\/seguro-de-responsabilidad-civil-medica\/#website","url":"https:\/\/responsabilidadcivilmedica.com\/seguro-de-responsabilidad-civil-medica\/","name":"ResponsabilidadcivilMedica.com","description":"Cotiza y Contrata tu Seguro de Responsabilidad Civil Medica","publisher":{"@id":"https:\/\/responsabilidadcivilmedica.com\/seguro-de-responsabilidad-civil-medica\/#organization"},"potentialAction":[{"@type":"SearchAction","target":{"@type":"EntryPoint","urlTemplate":"https:\/\/responsabilidadcivilmedica.com\/seguro-de-responsabilidad-civil-medica\/?s={search_term_string}"},"query-input":{"@type":"PropertyValueSpecification","valueRequired":true,"valueName":"search_term_string"}}],"inLanguage":"es"},{"@type":"Organization","@id":"https:\/\/responsabilidadcivilmedica.com\/seguro-de-responsabilidad-civil-medica\/#organization","name":"ResponsabilidadcivilMedica.com","url":"https:\/\/responsabilidadcivilmedica.com\/seguro-de-responsabilidad-civil-medica\/","logo":{"@type":"ImageObject","inLanguage":"es","@id":"https:\/\/responsabilidadcivilmedica.com\/seguro-de-responsabilidad-civil-medica\/#\/schema\/logo\/image\/","url":"https:\/\/responsabilidadcivilmedica.com\/seguro-de-responsabilidad-civil-medica\/wp-content\/uploads\/2023\/03\/Logo-Proventum-RECORTADO.png","contentUrl":"https:\/\/responsabilidadcivilmedica.com\/seguro-de-responsabilidad-civil-medica\/wp-content\/uploads\/2023\/03\/Logo-Proventum-RECORTADO.png","width":1522,"height":401,"caption":"ResponsabilidadcivilMedica.com"},"image":{"@id":"https:\/\/responsabilidadcivilmedica.com\/seguro-de-responsabilidad-civil-medica\/#\/schema\/logo\/image\/"},"sameAs":["https:\/\/www.instagram.com\/rcmedica\/"]}]}},"_links":{"self":[{"href":"https:\/\/responsabilidadcivilmedica.com\/seguro-de-responsabilidad-civil-medica\/wp-json\/wp\/v2\/pages\/13","targetHints":{"allow":["GET"]}}],"collection":[{"href":"https:\/\/responsabilidadcivilmedica.com\/seguro-de-responsabilidad-civil-medica\/wp-json\/wp\/v2\/pages"}],"about":[{"href":"https:\/\/responsabilidadcivilmedica.com\/seguro-de-responsabilidad-civil-medica\/wp-json\/wp\/v2\/types\/page"}],"author":[{"embeddable":true,"href":"https:\/\/responsabilidadcivilmedica.com\/seguro-de-responsabilidad-civil-medica\/wp-json\/wp\/v2\/users\/1"}],"replies":[{"embeddable":true,"href":"https:\/\/responsabilidadcivilmedica.com\/seguro-de-responsabilidad-civil-medica\/wp-json\/wp\/v2\/comments?post=13"}],"version-history":[{"count":1,"href":"https:\/\/responsabilidadcivilmedica.com\/seguro-de-responsabilidad-civil-medica\/wp-json\/wp\/v2\/pages\/13\/revisions"}],"predecessor-version":[{"id":14,"href":"https:\/\/responsabilidadcivilmedica.com\/seguro-de-responsabilidad-civil-medica\/wp-json\/wp\/v2\/pages\/13\/revisions\/14"}],"wp:attachment":[{"href":"https:\/\/responsabilidadcivilmedica.com\/seguro-de-responsabilidad-civil-medica\/wp-json\/wp\/v2\/media?parent=13"}],"curies":[{"name":"wp","href":"https:\/\/api.w.org\/{rel}","templated":true}]}}