{"id":15,"date":"2022-04-20T04:10:37","date_gmt":"2022-04-20T04:10:37","guid":{"rendered":"https:\/\/responsabilidadcivilmedica.com\/seguro-de-responsabilidad-civil-medica\/?page_id=15"},"modified":"2022-04-20T04:10:37","modified_gmt":"2022-04-20T04:10:37","slug":"politica-de-privacidad","status":"publish","type":"page","link":"https:\/\/responsabilidadcivilmedica.com\/seguro-de-responsabilidad-civil-medica\/politica-de-privacidad\/","title":{"rendered":"Pol\u00edtica De Privacidad"},"content":{"rendered":"<p>Proventum Agente De Seguros Y De Fianzas, S.A. De C.V. (PROVENTUM), con domicilio en Ave. Ju\u00e1rez # 1706 Despacho 203 Col. La Paz, Puebla, Pue. C\u00f3digo Postal 72160 , es el responsable del uso y protecci\u00f3n de sus datos personales, proporcionados por Usted mediante esta p\u00e1gina de internet denominada <strong>responsabilidadcivilmedica.com<\/strong>\u00a0y al respecto le informamos lo siguiente:<\/p>\n<h4 class=\"titulo-2\">\u00bfPara Qu\u00e9 Fines Utilizamos Sus Datos Personales?<\/h4>\n<p>Los datos personales que recabamos de usted, los utilizaremos para las siguientes finalidades que son necesarias para el servicio que solicita:<\/p>\n<ul>\n<li>Para preparar la propuesta de Seguros o de Fianzas solicitada<br \/>\nPara presentarle informaci\u00f3n sobre los productos o servicios solicitados<\/li>\n<li>Para la emisi\u00f3n del contrato de seguro o fianza<\/li>\n<li>Para el tr\u00e1mite de sus solicitudes de pago de siniestros<\/li>\n<li>Para la administraci\u00f3n, mantenimiento y renovaci\u00f3n de la p\u00f3liza de seguro o fianza o de otros servicios y productos solicitados.<\/li>\n<li>Para la prevenci\u00f3n de fraude y operaciones il\u00edcitas<\/li>\n<li>Para informaci\u00f3n estad\u00edstica o para evaluar la calidad en el servicio<\/li>\n<\/ul>\n<p>De manera adicional, utilizaremos su informaci\u00f3n personal para las siguientes finalidades que no son necesarias para el servicio solicitado, pero que nos permiten y facilitan brindarle una mejor atenci\u00f3n:<\/p>\n<ul>\n<li>Ofrecimiento y promoci\u00f3n de productos y servicios de seguros y de fianzas<\/li>\n<li>Prospecci\u00f3n comercial de otros bienes y servicios<\/li>\n<li>Env\u00edo de Boletines sobre temas de seguros, fianzas u otros productos o servicios.<\/li>\n<\/ul>\n<p>En caso de que no desee que sus datos personales sean tratados para estos fines adicionales, desde este momento usted nos puede comunicar lo anterior, envi\u00e1ndonos un mensaje al correo rodolfo.gomez@proventum.info<\/p>\n<p>La negativa para el uso de sus datos personales para estas finalidades no podr\u00e1 ser un motivo para que le neguemos los servicios y productos que solicita o contrata con nosotros.<\/p>\n<h4 class=\"titulo-2\">\u00bfQu\u00e9 Datos Personales Utilizaremos Para Estos Fines?<\/h4>\n<p>Para llevar a cabo las finalidades descritas en el presente aviso de privacidad, utilizaremos los siguientes datos personales:<\/p>\n<ul>\n<li>Categor\u00edas de datos personales<\/li>\n<li>Datos patrimoniales y financieros<\/li>\n<li>Datos de identificaci\u00f3n<\/li>\n<li>Datos laborales, ocupaci\u00f3n y aficiones<\/li>\n<li>Datos acad\u00e9micos<\/li>\n<li>Datos de tr\u00e1nsito y migratorios<\/li>\n<li>Datos sobre procedimientos administrativos seguidos en forma de juicio y\/o jurisdiccionales.<\/li>\n<\/ul>\n<p>Adem\u00e1s de los datos personales mencionados anteriormente, para las finalidades informadas en el presente aviso de privacidad utilizaremos los siguientes datos personales considerados como sensibles, que requieren de especial protecci\u00f3n.<\/p>\n<h4 class=\"titulo-2\">Categor\u00edas De Datos Personales Sensibles<\/h4>\n<h4 class=\"titulo-2\">Datos de salud<\/h4>\n<p>No recabaremos datos sensibles mediante nuestro sitio web. Se solicitar\u00e1n datos de salud, cuando el interesado requiera una cotizaci\u00f3n o emisi\u00f3n de un seguro de vida, salud o de gastos m\u00e9dicos mayores, mediante el llenado de una solicitud oficial de la compa\u00f1\u00eda aseguradora elegida, donde el interesado otorgar\u00e1 permismo expreso para el uso de sus datos personales de manera independiente.<\/p>\n<h4><strong>\u00bfCon qui\u00e9n compartimos su informaci\u00f3n personal y para qu\u00e9 fines?<\/strong><\/h4>\n<p>Le informamos que sus datos personales son compartidos dentro o fuera del pa\u00eds con las siguientes personas, empresas, organizaciones y autoridades distintas a nosotros, para los siguientes fines:<\/p>\n<p><strong>Tramitar la cotizaci\u00f3n de los productos o servicios requeridos por Usted con la Compa\u00f1\u00eda de Seguros, de Fianzas o de Servicios, seg\u00fan corresponda a su solicitud.<\/strong><\/p>\n<table class=\"table table-striped\">\n<thead>\n<tr>\n<th>Destinatario de los datos personales<\/th>\n<th>Pa\u00eds<\/th>\n<th>Finalidad<\/th>\n<\/tr>\n<\/thead>\n<tbody>\n<tr>\n<td>Grupo Mexicano de Seguro<\/td>\n<td>M\u00e9xico<\/td>\n<td>Cotizaci\u00f3n, tr\u00e1mites, seguimineto o contrataci\u00f3n de productos o servicios.<\/td>\n<\/tr>\n<tr>\n<td>Axa Seguros<\/td>\n<td>M\u00e9xico<\/td>\n<td>Cotizaci\u00f3n, tr\u00e1mites, seguimineto o contrataci\u00f3n de productos o servicios.<\/td>\n<\/tr>\n<tr>\n<td>ABA Seguros<\/td>\n<td>M\u00e9xico<\/td>\n<td>Cotizaci\u00f3n, tr\u00e1mites, seguimineto o contrataci\u00f3n de productos o servicios.<\/td>\n<\/tr>\n<tr>\n<td>AIG M\u00e9xico<\/td>\n<td>M\u00e9xico<\/td>\n<td>Cotizaci\u00f3n, tr\u00e1mites, seguimineto o contrataci\u00f3n de productos o servicios.<\/td>\n<\/tr>\n<tr>\n<td>MAPFRE Tepeyac<\/td>\n<td>M\u00e9xico<\/td>\n<td>Cotizaci\u00f3n, tr\u00e1mites, seguimineto o contrataci\u00f3n de productos o servicios.<\/td>\n<\/tr>\n<tr>\n<td>ANA Seguros<\/td>\n<td>M\u00e9xico<\/td>\n<td>Cotizaci\u00f3n, tr\u00e1mites, seguimineto o contrataci\u00f3n de productos o servicios.<\/td>\n<\/tr>\n<tr>\n<td>ZURICH M\u00e9xico<\/td>\n<td>M\u00e9xico<\/td>\n<td>Cotizaci\u00f3n, tr\u00e1mites, seguimineto o contrataci\u00f3n de productos o servicios.<\/td>\n<\/tr>\n<tr>\n<td>Afianzadora ASERTA<\/td>\n<td>M\u00e9xico<\/td>\n<td>Cotizaci\u00f3n, tr\u00e1mites, seguimineto o contrataci\u00f3n de productos o servicios.<\/td>\n<\/tr>\n<tr>\n<td>Afianzadora DORAMA<\/td>\n<td>M\u00e9xico<\/td>\n<td>Cotizaci\u00f3n, tr\u00e1mites, seguimineto o contrataci\u00f3n de productos o servicios.<\/td>\n<\/tr>\n<tr>\n<td>APRIL Coris M\u00e9xico<\/td>\n<td>M\u00e9xico<\/td>\n<td>Cotizaci\u00f3n, tr\u00e1mites, seguimineto o contrataci\u00f3n de productos o servicios.<\/td>\n<\/tr>\n<tr>\n<td>ARGOS AEGON Seguros<\/td>\n<td>M\u00e9xico<\/td>\n<td>Cotizaci\u00f3n, tr\u00e1mites, seguimineto o contrataci\u00f3n de productos o servicios.<\/td>\n<\/tr>\n<tr>\n<td>RSA M\u00e9xico<\/td>\n<td>M\u00e9xico<\/td>\n<td>Cotizaci\u00f3n, tr\u00e1mites, seguimineto o contrataci\u00f3n de productos o servicios.<\/td>\n<\/tr>\n<tr>\n<td>BUPA M\u00e9xico<\/td>\n<td>M\u00e9xico<\/td>\n<td>Cotizaci\u00f3n, tr\u00e1mites, seguimineto o contrataci\u00f3n de productos o servicios.<\/td>\n<\/tr>\n<tr>\n<td>ACE M\u00e9xico<\/td>\n<td>M\u00e9xico<\/td>\n<td>Cotizaci\u00f3n, tr\u00e1mites, seguimineto o contrataci\u00f3n de productos o servicios.<\/td>\n<\/tr>\n<tr>\n<td>INSIGNIA LIFE Seguros<\/td>\n<td>M\u00e9xico<\/td>\n<td>Cotizaci\u00f3n, tr\u00e1mites, seguimineto o contrataci\u00f3n de productos o servicios.<\/td>\n<\/tr>\n<tr>\n<td>EULER HERMES M\u00e9xico<\/td>\n<td>M\u00e9xico<\/td>\n<td>Cotizaci\u00f3n, tr\u00e1mites, seguimineto o contrataci\u00f3n de productos o servicios.<\/td>\n<\/tr>\n<tr>\n<td>Fianzas ATLAS<\/td>\n<td>M\u00e9xico<\/td>\n<td>Cotizaci\u00f3n, tr\u00e1mites, seguimineto o contrataci\u00f3n de productos o servicios.<\/td>\n<\/tr>\n<tr>\n<td>PLAN Seguro<\/td>\n<td>M\u00e9xico<\/td>\n<td>Cotizaci\u00f3n, tr\u00e1mites, seguimineto o contrataci\u00f3n de productos o servicios.<\/td>\n<\/tr>\n<\/tbody>\n<\/table>\n<p>Las empresas mencionadas operan como responsables independientes y son responsables de su propio cumplimiento de las leyes en materia de protecci\u00f3n de datos.<br \/>\nPara obtener m\u00e1s informaci\u00f3n acerca de sus pr\u00e1cticas, PROVENTUM, proporcionar\u00e1 toda la informaci\u00f3n de dichos socios comerciales y el usuario deber\u00e1 remitirse a sus Declaraciones o Avisos de privacidad.<\/p>\n<h3 class=\"titulo-2\">\u00bfC\u00f3mo Puede Acceder, Rectificar O Cancelar Sus Datos Personales, U Oponerse A Su Uso?<\/h3>\n<p>Usted tiene derecho a conocer qu\u00e9 datos personales tenemos de usted, para qu\u00e9 los utilizamos y las condiciones del uso que les damos (Acceso). Asimismo, es su derecho solicitar la correcci\u00f3n de su informaci\u00f3n personal en caso de que est\u00e9 desactualizada, sea inexacta o incompleta (Rectificaci\u00f3n); que la eliminemos de nuestros registros o bases de datos cuando considere que la misma no est\u00e1 siendo utilizada conforme a los principios, deberes y obligaciones previstas en la normativa (Cancelaci\u00f3n); as\u00ed como oponerse al uso de sus datos personales para fines espec\u00edficos (Oposici\u00f3n).<\/p>\n<p>Estos derechos se conocen como derechos ARCO. Para el ejercicio de cualquiera de los derechos ARCO, usted deber\u00e1 enviarnos este <a href=\"https:\/\/proventum.com.mx\/info\/FORMATOARCOPROVENTUM.doc\" target=\"_blank\" rel=\"noopener noreferrer\">FORMATO DE EJERCICIO DE DERECHO ARCO<\/a> ya sea al correo electr\u00f3nico rodolfo.gomez@proventum.info o al domicilio enseguida detallado por correo o bien entregado personalmente.<\/p>\n<p>Para iniciar el procedimiento para el ejercicio de los derechos ARCO y\/o para <span style=\"font-weight: bolder;\">limitar el uso o divulgaci\u00f3n de su informaci\u00f3n<\/span> personal usted podr\u00e1:<\/p>\n<ul>\n<li>*llamar al siguiente n\u00famero telef\u00f3nico 222-5947782.<\/li>\n<li>*Ingresar a nuestro sitio de Internet <strong id=\"pag2\"><\/strong> a la secci\u00f3n CONTACTO y enviarnos un mensaje con su petici\u00f3n.<\/li>\n<li>*Ponerse en contacto personalmente con nuestro Departamento de Privacidad, que dar\u00e1 tr\u00e1mite a las solicitudes para el ejercicio de estos derechos, y atender\u00e1 cualquier duda que pudiera tener respecto al tratamiento de su informaci\u00f3n. Los datos de contacto del Departamento de Privacidad son los siguientes: Avenida Ju\u00e1rez 1706, Despacho 203 Col. La Paz, Puebla, Pue. CP. 72160, Tel\u00e9fono, 222-5947782, atenci\u00f3n Jos\u00e9 Rodolfo G\u00f3mez Loya rodolfo.gomez@proventum.info<\/li>\n<\/ul>\n<p>Usted puede revocar el consentimiento que, en su caso, nos haya otorgado para el tratamiento de sus datos personales. Sin embargo, es importante que tenga en cuenta que no en todos los casos podremos atender su solicitud o concluir el uso de forma inmediata, ya que es posible que por alguna obligaci\u00f3n legal requiramos seguir tratando sus datos personales. Asimismo, usted deber\u00e1 considerar que para ciertos fines, la revocaci\u00f3n de su consentimiento implicar\u00e1 que no le podamos seguir prestando el servicio que nos solicit\u00f3, o la conclusi\u00f3n de su relaci\u00f3n con nosotros.<\/p>\n<p>Para <span style=\"font-weight: bolder;\">revocar su consentimiento<\/span> deber\u00e1 presentar su solicitud enviando su exposici\u00f3n de motivos al correo rodolfo.gomez@proventum.info, dirigido a Jos\u00e9 Rodolfo G\u00f3mez Loya.<\/p>\n<p class=\"titulo-2\">Este sitio cuenta con un candado SSL (Secure Socket Layer) para cifrar la informaci\u00f3n registrada. La vigencia del certificado puede ser comprobada al hacer click en la imagen del candado ubicado a la izquierda de la barra de direccion del navegador.<\/p>\n<h4 class=\"titulo-2\">El Uso De Tecnolog\u00edas De Rastreo En Nuestro Portal De Internet<\/h4>\n<p>Este sitio web utiliza Google Analytics, un servicio de an\u00e1lisis web proporcionado por Google, Inc. (&#8220;Google&#8221;). La informaci\u00f3n alm<\/p>\n<h4 class=\"titulo-2\" style=\"line-height: 12.864px;\">Uso De Tecnolog\u00edas SSL<\/h4>\n<p>Este sitio cuenta coacenada por las cookies sobre su uso del sitio web (incluyendo tu direcci\u00f3n IP) ser\u00e1 transmitida y almacenada por Google en servidores en los Estados Unidos. Google utilizar\u00e1 esta informaci\u00f3n con el prop\u00f3sito de evaluar su uso del sitio web, compilar informes sobre la actividad del sitio web para los operadores de sitios web y proporcionar otros servicios relacionados con la actividad del sitio web y el uso de Internet y otras acciones relacionadas con los servicios de publicidad ofrecidos por Google a sus anunciantes.<\/p>\n<p>Google tambi\u00e9n puede transferir esta informaci\u00f3n a terceros cuando as\u00ed lo exija la ley, o cuando dichos terceros procesen la informaci\u00f3n en nombre de Google. Google no asociar\u00e1 tu direcci\u00f3n IP con ning\u00fan otro dato de Google.<\/p>\n<p>Puede rechazar el uso de cookies seleccionando la configuraci\u00f3n apropiada en su navegador. Mediante el uso de este sitio web, usted da su consentimiento para el procesamiento de datos sobre usted por Google de la manera y para los fines expuestos anteriormente.<\/p>\n<p>*Para conocer la forma en que se pueden deshabilitar estas tecnolog\u00edas, s\u00f3lo debe configurar su explorador de la siguiente manera:<\/p>\n<ul>\n<li>Chrome, desde <a style=\"color: #bf0d3e;\" href=\"https:\/\/support.google.com\/chrome\/answer\/95647?hl=es\" target=\"_blank\" rel=\"noopener noreferrer\">aqu\u00ed.<\/a><\/li>\n<li>Explorer, desde <a style=\"color: #bf0d3e;\" href=\"https:\/\/support.microsoft.com\/es-mx\/help\/17442\/windows-internet-explorer-delete-manage-cookies\" target=\"_blank\" rel=\"noopener noreferrer\">aqu\u00ed.<\/a><\/li>\n<li>Edge, desde <a style=\"color: #bf0d3e;\" href=\"https:\/\/support.microsoft.com\/es-mx\/help\/4468242\/microsoft-edge-browsing-data-and-privacy-microsoft-privacy\" target=\"_blank\" rel=\"noopener noreferrer\">aqu\u00ed.<\/a><\/li>\n<li>Firefox, desde <a style=\"color: #bf0d3e;\" href=\"https:\/\/support.mozilla.org\/es\/kb\/habilitar-y-deshabilitar-cookies-sitios-web-rastrear-preferencias?redirectlocale=es&amp;redirectslug=habilitar-y-deshabilitar-cookies-que-los-sitios-we\" target=\"_blank\" rel=\"noopener noreferrer\">aqu\u00ed.<\/a><\/li>\n<li>Safari, desde <a style=\"color: #bf0d3e;\" href=\"https:\/\/support.apple.com\/kb\/ph5042?locale=es_ES\" target=\"_blank\" rel=\"noopener noreferrer\">aqu\u00ed.<\/a><\/li>\n<\/ul>\n<h4 class=\"titulo-2\">\u00bfC\u00f3mo Puede Conocer los Cambios A Este Aviso De Privacidad?<\/h4>\n<p>El presente aviso de privacidad puede sufrir modificaciones, cambios o actualizaciones derivadas de nuevos requerimientos legales; de nuestras propias necesidades por los productos o servicios que ofrecemos; de nuestras pr\u00e1cticas de privacidad; de cambios en nuestro modelo de negocio, o por otras causas.<\/p>\n<p>Nos comprometemos a mantenerlo informado sobre los cambios que pueda sufrir el presente aviso de privacidad, a trav\u00e9s de nuestra p\u00e1gina de Internet <strong>proventum.mx<\/strong> y de esta p\u00e1gina de Internet <strong id=\"pag3\"><\/strong><\/p>\n<p>El procedimiento a trav\u00e9s del cual se llevar\u00e1n a cabo las notificaciones sobre cambios o actualizaciones al presente aviso de privacidad es el siguiente: Se le enviar\u00e1 un mensaje al correo electr\u00f3nico que dej\u00f3 registrado para la atenci\u00f3n de los servicios solicitados.<\/p>\n<h4 class=\"titulo-2\">\u00bfQue Autoridad Regula El Uso De Los Datos Personales?<\/h4>\n<p>Si el usuario considera que han sido vulnerados sus derechos respecto de la protecci\u00f3n de sus datos personales voluntariamente suministrados<br \/>\nen el presente sitio web, puede de acudir al Instituto Nacional de Transparencia, Acceso a la Informaci\u00f3n y Protecci\u00f3n de Datos Personales (INAI) o visitar su sitio en <a class=\"t-color\" href=\"http:\/\/inicio.inai.org.mx\/SitePages\/ifai.aspx\" target=\"_blank\" rel=\"noopener noreferrer\">www.inai.org.mx<\/a>.<\/p>\n<h4 class=\"titulo-2\">Aceptaci\u00f3n De T\u00e9rminos<\/h4>\n<p>Si el usuario utiliza los servicios de este sitio web y suministra informaci\u00f3n para iniciar una relaci\u00f3n comercial con nosotros, significa que ha le\u00eddo, entendido y aceptado los t\u00e9rminos antes expuestos.<\/p>\n<p>\u00daltima actualizaci\u00f3n [05\/07\/2019].<\/p>\n<p><a class=\"t-color\" href=\"https:\/\/proventum.com.mx\/info\/FORMATOARCOPROVENTUM.doc\" target=\"_blank\" rel=\"noopener noreferrer\">FORMATO DE EJERCICIO DE DERECHO ARCO<\/a><\/p>\n","protected":false},"excerpt":{"rendered":"<p>Proventum Agente De Seguros Y De Fianzas, S.A. De C.V. (PROVENTUM), con domicilio en Ave. Ju\u00e1rez # 1706 Despacho 203 Col. La Paz, Puebla, Pue. C\u00f3digo Postal 72160 , es el responsable del uso y protecci\u00f3n de sus datos personales, proporcionados por Usted mediante esta p\u00e1gina de internet denominada responsabilidadcivilmedica.com\u00a0y al respecto le informamos lo [&hellip;]<\/p>\n","protected":false},"author":1,"featured_media":0,"parent":0,"menu_order":0,"comment_status":"closed","ping_status":"closed","template":"page-no-sidebar.php","meta":{"_acf_changed":false,"footnotes":""},"class_list":["post-15","page","type-page","status-publish","hentry"],"acf":[],"yoast_head":"<!-- This site is optimized with the Yoast SEO plugin v27.4 - https:\/\/yoast.com\/product\/yoast-seo-wordpress\/ -->\n<title>Pol\u00edtica De Privacidad - ResponsabilidadcivilMedica.com<\/title>\n<meta name=\"robots\" content=\"index, follow, max-snippet:-1, max-image-preview:large, max-video-preview:-1\" \/>\n<link rel=\"canonical\" href=\"https:\/\/responsabilidadcivilmedica.com\/seguro-de-responsabilidad-civil-medica\/politica-de-privacidad\/\" \/>\n<meta property=\"og:locale\" content=\"es_MX\" \/>\n<meta property=\"og:type\" content=\"article\" \/>\n<meta property=\"og:title\" content=\"Pol\u00edtica De Privacidad - ResponsabilidadcivilMedica.com\" \/>\n<meta property=\"og:description\" content=\"Proventum Agente De Seguros Y De Fianzas, S.A. De C.V. (PROVENTUM), con domicilio en Ave. Ju\u00e1rez # 1706 Despacho 203 Col. La Paz, Puebla, Pue. C\u00f3digo Postal 72160 , es el responsable del uso y protecci\u00f3n de sus datos personales, proporcionados por Usted mediante esta p\u00e1gina de internet denominada responsabilidadcivilmedica.com\u00a0y al respecto le informamos lo [&hellip;]\" \/>\n<meta property=\"og:url\" content=\"https:\/\/responsabilidadcivilmedica.com\/seguro-de-responsabilidad-civil-medica\/politica-de-privacidad\/\" \/>\n<meta property=\"og:site_name\" content=\"ResponsabilidadcivilMedica.com\" \/>\n<meta name=\"twitter:card\" content=\"summary_large_image\" \/>\n<meta name=\"twitter:label1\" content=\"Tiempo de lectura\" \/>\n\t<meta name=\"twitter:data1\" content=\"9 minutos\" \/>\n<script type=\"application\/ld+json\" class=\"yoast-schema-graph\">{\"@context\":\"https:\\\/\\\/schema.org\",\"@graph\":[{\"@type\":\"WebPage\",\"@id\":\"https:\\\/\\\/responsabilidadcivilmedica.com\\\/seguro-de-responsabilidad-civil-medica\\\/politica-de-privacidad\\\/\",\"url\":\"https:\\\/\\\/responsabilidadcivilmedica.com\\\/seguro-de-responsabilidad-civil-medica\\\/politica-de-privacidad\\\/\",\"name\":\"Pol\u00edtica De Privacidad - ResponsabilidadcivilMedica.com\",\"isPartOf\":{\"@id\":\"https:\\\/\\\/responsabilidadcivilmedica.com\\\/seguro-de-responsabilidad-civil-medica\\\/#website\"},\"datePublished\":\"2022-04-20T04:10:37+00:00\",\"breadcrumb\":{\"@id\":\"https:\\\/\\\/responsabilidadcivilmedica.com\\\/seguro-de-responsabilidad-civil-medica\\\/politica-de-privacidad\\\/#breadcrumb\"},\"inLanguage\":\"es\",\"potentialAction\":[{\"@type\":\"ReadAction\",\"target\":[\"https:\\\/\\\/responsabilidadcivilmedica.com\\\/seguro-de-responsabilidad-civil-medica\\\/politica-de-privacidad\\\/\"]}]},{\"@type\":\"BreadcrumbList\",\"@id\":\"https:\\\/\\\/responsabilidadcivilmedica.com\\\/seguro-de-responsabilidad-civil-medica\\\/politica-de-privacidad\\\/#breadcrumb\",\"itemListElement\":[{\"@type\":\"ListItem\",\"position\":1,\"name\":\"Inicio\",\"item\":\"https:\\\/\\\/responsabilidadcivilmedica.com\\\/seguro-de-responsabilidad-civil-medica\\\/\"},{\"@type\":\"ListItem\",\"position\":2,\"name\":\"Pol\u00edtica De Privacidad\"}]},{\"@type\":\"WebSite\",\"@id\":\"https:\\\/\\\/responsabilidadcivilmedica.com\\\/seguro-de-responsabilidad-civil-medica\\\/#website\",\"url\":\"https:\\\/\\\/responsabilidadcivilmedica.com\\\/seguro-de-responsabilidad-civil-medica\\\/\",\"name\":\"ResponsabilidadcivilMedica.com\",\"description\":\"Cotiza y Contrata tu Seguro de Responsabilidad Civil Medica\",\"publisher\":{\"@id\":\"https:\\\/\\\/responsabilidadcivilmedica.com\\\/seguro-de-responsabilidad-civil-medica\\\/#organization\"},\"potentialAction\":[{\"@type\":\"SearchAction\",\"target\":{\"@type\":\"EntryPoint\",\"urlTemplate\":\"https:\\\/\\\/responsabilidadcivilmedica.com\\\/seguro-de-responsabilidad-civil-medica\\\/?s={search_term_string}\"},\"query-input\":{\"@type\":\"PropertyValueSpecification\",\"valueRequired\":true,\"valueName\":\"search_term_string\"}}],\"inLanguage\":\"es\"},{\"@type\":\"Organization\",\"@id\":\"https:\\\/\\\/responsabilidadcivilmedica.com\\\/seguro-de-responsabilidad-civil-medica\\\/#organization\",\"name\":\"ResponsabilidadcivilMedica.com\",\"url\":\"https:\\\/\\\/responsabilidadcivilmedica.com\\\/seguro-de-responsabilidad-civil-medica\\\/\",\"logo\":{\"@type\":\"ImageObject\",\"inLanguage\":\"es\",\"@id\":\"https:\\\/\\\/responsabilidadcivilmedica.com\\\/seguro-de-responsabilidad-civil-medica\\\/#\\\/schema\\\/logo\\\/image\\\/\",\"url\":\"https:\\\/\\\/responsabilidadcivilmedica.com\\\/seguro-de-responsabilidad-civil-medica\\\/wp-content\\\/uploads\\\/2023\\\/03\\\/Logo-Proventum-RECORTADO.png\",\"contentUrl\":\"https:\\\/\\\/responsabilidadcivilmedica.com\\\/seguro-de-responsabilidad-civil-medica\\\/wp-content\\\/uploads\\\/2023\\\/03\\\/Logo-Proventum-RECORTADO.png\",\"width\":1522,\"height\":401,\"caption\":\"ResponsabilidadcivilMedica.com\"},\"image\":{\"@id\":\"https:\\\/\\\/responsabilidadcivilmedica.com\\\/seguro-de-responsabilidad-civil-medica\\\/#\\\/schema\\\/logo\\\/image\\\/\"},\"sameAs\":[\"https:\\\/\\\/www.instagram.com\\\/rcmedica\\\/\"]}]}<\/script>\n<!-- \/ Yoast SEO plugin. -->","yoast_head_json":{"title":"Pol\u00edtica De Privacidad - ResponsabilidadcivilMedica.com","robots":{"index":"index","follow":"follow","max-snippet":"max-snippet:-1","max-image-preview":"max-image-preview:large","max-video-preview":"max-video-preview:-1"},"canonical":"https:\/\/responsabilidadcivilmedica.com\/seguro-de-responsabilidad-civil-medica\/politica-de-privacidad\/","og_locale":"es_MX","og_type":"article","og_title":"Pol\u00edtica De Privacidad - ResponsabilidadcivilMedica.com","og_description":"Proventum Agente De Seguros Y De Fianzas, S.A. De C.V. (PROVENTUM), con domicilio en Ave. Ju\u00e1rez # 1706 Despacho 203 Col. La Paz, Puebla, Pue. C\u00f3digo Postal 72160 , es el responsable del uso y protecci\u00f3n de sus datos personales, proporcionados por Usted mediante esta p\u00e1gina de internet denominada responsabilidadcivilmedica.com\u00a0y al respecto le informamos lo [&hellip;]","og_url":"https:\/\/responsabilidadcivilmedica.com\/seguro-de-responsabilidad-civil-medica\/politica-de-privacidad\/","og_site_name":"ResponsabilidadcivilMedica.com","twitter_card":"summary_large_image","twitter_misc":{"Tiempo de lectura":"9 minutos"},"schema":{"@context":"https:\/\/schema.org","@graph":[{"@type":"WebPage","@id":"https:\/\/responsabilidadcivilmedica.com\/seguro-de-responsabilidad-civil-medica\/politica-de-privacidad\/","url":"https:\/\/responsabilidadcivilmedica.com\/seguro-de-responsabilidad-civil-medica\/politica-de-privacidad\/","name":"Pol\u00edtica De Privacidad - ResponsabilidadcivilMedica.com","isPartOf":{"@id":"https:\/\/responsabilidadcivilmedica.com\/seguro-de-responsabilidad-civil-medica\/#website"},"datePublished":"2022-04-20T04:10:37+00:00","breadcrumb":{"@id":"https:\/\/responsabilidadcivilmedica.com\/seguro-de-responsabilidad-civil-medica\/politica-de-privacidad\/#breadcrumb"},"inLanguage":"es","potentialAction":[{"@type":"ReadAction","target":["https:\/\/responsabilidadcivilmedica.com\/seguro-de-responsabilidad-civil-medica\/politica-de-privacidad\/"]}]},{"@type":"BreadcrumbList","@id":"https:\/\/responsabilidadcivilmedica.com\/seguro-de-responsabilidad-civil-medica\/politica-de-privacidad\/#breadcrumb","itemListElement":[{"@type":"ListItem","position":1,"name":"Inicio","item":"https:\/\/responsabilidadcivilmedica.com\/seguro-de-responsabilidad-civil-medica\/"},{"@type":"ListItem","position":2,"name":"Pol\u00edtica De Privacidad"}]},{"@type":"WebSite","@id":"https:\/\/responsabilidadcivilmedica.com\/seguro-de-responsabilidad-civil-medica\/#website","url":"https:\/\/responsabilidadcivilmedica.com\/seguro-de-responsabilidad-civil-medica\/","name":"ResponsabilidadcivilMedica.com","description":"Cotiza y Contrata tu Seguro de Responsabilidad Civil Medica","publisher":{"@id":"https:\/\/responsabilidadcivilmedica.com\/seguro-de-responsabilidad-civil-medica\/#organization"},"potentialAction":[{"@type":"SearchAction","target":{"@type":"EntryPoint","urlTemplate":"https:\/\/responsabilidadcivilmedica.com\/seguro-de-responsabilidad-civil-medica\/?s={search_term_string}"},"query-input":{"@type":"PropertyValueSpecification","valueRequired":true,"valueName":"search_term_string"}}],"inLanguage":"es"},{"@type":"Organization","@id":"https:\/\/responsabilidadcivilmedica.com\/seguro-de-responsabilidad-civil-medica\/#organization","name":"ResponsabilidadcivilMedica.com","url":"https:\/\/responsabilidadcivilmedica.com\/seguro-de-responsabilidad-civil-medica\/","logo":{"@type":"ImageObject","inLanguage":"es","@id":"https:\/\/responsabilidadcivilmedica.com\/seguro-de-responsabilidad-civil-medica\/#\/schema\/logo\/image\/","url":"https:\/\/responsabilidadcivilmedica.com\/seguro-de-responsabilidad-civil-medica\/wp-content\/uploads\/2023\/03\/Logo-Proventum-RECORTADO.png","contentUrl":"https:\/\/responsabilidadcivilmedica.com\/seguro-de-responsabilidad-civil-medica\/wp-content\/uploads\/2023\/03\/Logo-Proventum-RECORTADO.png","width":1522,"height":401,"caption":"ResponsabilidadcivilMedica.com"},"image":{"@id":"https:\/\/responsabilidadcivilmedica.com\/seguro-de-responsabilidad-civil-medica\/#\/schema\/logo\/image\/"},"sameAs":["https:\/\/www.instagram.com\/rcmedica\/"]}]}},"_links":{"self":[{"href":"https:\/\/responsabilidadcivilmedica.com\/seguro-de-responsabilidad-civil-medica\/wp-json\/wp\/v2\/pages\/15","targetHints":{"allow":["GET"]}}],"collection":[{"href":"https:\/\/responsabilidadcivilmedica.com\/seguro-de-responsabilidad-civil-medica\/wp-json\/wp\/v2\/pages"}],"about":[{"href":"https:\/\/responsabilidadcivilmedica.com\/seguro-de-responsabilidad-civil-medica\/wp-json\/wp\/v2\/types\/page"}],"author":[{"embeddable":true,"href":"https:\/\/responsabilidadcivilmedica.com\/seguro-de-responsabilidad-civil-medica\/wp-json\/wp\/v2\/users\/1"}],"replies":[{"embeddable":true,"href":"https:\/\/responsabilidadcivilmedica.com\/seguro-de-responsabilidad-civil-medica\/wp-json\/wp\/v2\/comments?post=15"}],"version-history":[{"count":1,"href":"https:\/\/responsabilidadcivilmedica.com\/seguro-de-responsabilidad-civil-medica\/wp-json\/wp\/v2\/pages\/15\/revisions"}],"predecessor-version":[{"id":16,"href":"https:\/\/responsabilidadcivilmedica.com\/seguro-de-responsabilidad-civil-medica\/wp-json\/wp\/v2\/pages\/15\/revisions\/16"}],"wp:attachment":[{"href":"https:\/\/responsabilidadcivilmedica.com\/seguro-de-responsabilidad-civil-medica\/wp-json\/wp\/v2\/media?parent=15"}],"curies":[{"name":"wp","href":"https:\/\/api.w.org\/{rel}","templated":true}]}}